{"id":4501,"date":"2025-07-15T18:58:26","date_gmt":"2025-07-15T18:58:26","guid":{"rendered":"https:\/\/wp.urnoit.com\/parisride\/?page_id=4501"},"modified":"2025-07-30T11:49:06","modified_gmt":"2025-07-30T11:49:06","slug":"log-in","status":"publish","type":"page","link":"https:\/\/www.parisride.com\/pt\/log-in\/","title":{"rendered":"Iniciar sess\u00e3o"},"content":{"rendered":"<div data-elementor-type=\"wp-page\" data-elementor-id=\"4501\" class=\"elementor elementor-4501\" data-elementor-post-type=\"page\">\n\t\t\t\t<div class=\"elementor-element elementor-element-c150693 e-flex e-con-boxed e-con e-parent\" data-id=\"c150693\" data-element_type=\"container\" data-e-type=\"container\" data-settings=\"{&quot;background_background&quot;:&quot;classic&quot;}\">\n\t\t\t\t\t<div class=\"e-con-inner\">\n\t\t<div class=\"elementor-element elementor-element-dc904a7 e-con-full e-flex e-con e-child\" data-id=\"dc904a7\" data-element_type=\"container\" data-e-type=\"container\">\n\t\t\t\t<div class=\"elementor-element elementor-element-f6f0401 elementor-invisible elementor-widget elementor-widget-sectiontitle\" data-id=\"f6f0401\" data-element_type=\"widget\" data-e-type=\"widget\" data-settings=\"{&quot;_animation&quot;:&quot;fadeInUp&quot;}\" data-widget_type=\"sectiontitle.default\">\n\t\t\t\t<div class=\"elementor-widget-container\">\n\t\t\t\t\t\r\n\t\t\r\n\t\t\t<div class=\"section-title style1 left\">\r\n\t\t\t\t\r\n\t\t\t\t\t\t\t\t\t<h2 class=\"title\">Bem-vindo de volta!<\/h2>\r\n\t\t\t\t\r\n\t\t\t\t\t\t\t\t\t<p class=\"description\">Inicie sess\u00e3o na sua conta para continuar. Estamos aqui para tornar a sua experi\u00eancia mais f\u00e1cil e segura. Se se esqueceu da sua palavra-passe, pode redefini-la facilmente.<\/p>\r\n\t\t\t\t\t\t\t<\/div>\r\n\r\n\t\t\r\n\t\t\t\t\t\t<\/div>\n\t\t\t\t<\/div>\n\t\t\t\t<\/div>\n\t\t\t\t\t<\/div>\n\t\t\t\t<\/div>\n\t\t<div class=\"elementor-element elementor-element-b2b5a59 e-flex e-con-boxed e-con e-parent\" data-id=\"b2b5a59\" data-element_type=\"container\" data-e-type=\"container\">\n\t\t\t\t\t<div class=\"e-con-inner\">\n\t\t<div class=\"elementor-element elementor-element-fcefa36 e-con-full e-flex e-con e-child\" data-id=\"fcefa36\" data-element_type=\"container\" data-e-type=\"container\">\n\t\t\t\t<div class=\"elementor-element elementor-element-5c190a0 elementor-widget elementor-widget-woo-login\" data-id=\"5c190a0\" data-element_type=\"widget\" data-e-type=\"widget\" data-widget_type=\"woo-login.default\">\n\t\t\t\t<div class=\"elementor-widget-container\">\n\t\t\t\t\t\r\n\t\t\r\n\t\t            <div class=\"woo-login-form\">\r\n                <h3 class=\"login-title\">Iniciar sess\u00e3o<\/h3>\r\n                <form class=\"woocommerce-form woocommerce-form-login login\" method=\"post\" action=\"\" >\n\n\t<div class=\"googlesitekit-sign-in-with-google__frontend-output-button woocommerce-form-row form-row\"><\/div>\n\t\n\t<p class=\"form-row form-row-first\">\n\t\t<label for=\"username\">Nome de utilizador ou email&nbsp;<span class=\"required\" aria-hidden=\"true\">*<\/span><span class=\"screen-reader-text\" data-no-translation=\"\" data-trp-gettext=\"\">Obrigat\u00f3rio<\/span><\/label>\n\t\t<input type=\"text\" class=\"input-text\" name=\"username\" id=\"username\" autocomplete=\"username\" required aria-required=\"true\" \/>\n\t<\/p>\n\t<p class=\"form-row form-row-last\">\n\t\t<label for=\"password\">Senha&nbsp;<span class=\"required\" aria-hidden=\"true\">*<\/span><span class=\"screen-reader-text\" data-no-translation=\"\" data-trp-gettext=\"\">Obrigat\u00f3rio<\/span><\/label>\n\t\t<input class=\"input-text woocommerce-Input\" type=\"password\" name=\"password\" id=\"password\" autocomplete=\"current-password\" required aria-required=\"true\" \/>\n\t<\/p>\n\t<div class=\"clear\"><\/div>\n\n\t\n\t<p class=\"form-row\">\n\t\t<label class=\"woocommerce-form__label woocommerce-form__label-for-checkbox woocommerce-form-login__rememberme\">\n\t\t\t<input class=\"woocommerce-form__input woocommerce-form__input-checkbox\" name=\"rememberme\" type=\"checkbox\" id=\"rememberme\" value=\"forever\" \/> <span data-no-translation=\"\" data-trp-gettext=\"\">Manter sess\u00e3o<\/span>\n\t\t<\/label>\n\t\t<input type=\"hidden\" id=\"woocommerce-login-nonce\" name=\"woocommerce-login-nonce\" value=\"eb2d4184a5\" \/><input type=\"hidden\" name=\"_wp_http_referer\" value=\"\/pt\/wp-json\/wp\/v2\/pages\/4501\" \/>\t\t<input type=\"hidden\" name=\"redirect\" value=\"https:\/\/www.parisride.com\/pt\/my-account\/\" \/>\n\t\t<button type=\"submit\" class=\"woocommerce-button button woocommerce-form-login__submit\" name=\"login\" value=\"Iniciar sess\u00e3o\" data-no-translation=\"\" data-trp-gettext=\"\" data-no-translation-value=\"\">Iniciar sess\u00e3o<\/button>\n\t<\/p>\n\t<p class=\"lost_password\">\n\t\t<a href=\"https:\/\/www.parisride.com\/pt\/my-account\/lost-password\/\" data-no-translation=\"\" data-trp-gettext=\"\">Perdeu a sua senha?<\/a>\n\t<\/p>\n\n\t<div class=\"clear\"><\/div>\n\n\t\n<input type=\"hidden\" name=\"trp-form-language\" value=\"pt\"\/><\/form>\n\t\t\t<\/div>\r\n\t\t\t\r\n\t\t\r\n\t\t\t\t\t<\/div>\n\t\t\t\t<\/div>\n\t\t\t\t<\/div>\n\t\t<div class=\"elementor-element elementor-element-78eeb33 e-con-full e-flex e-con e-child\" data-id=\"78eeb33\" data-element_type=\"container\" data-e-type=\"container\">\n\t\t\t\t<div class=\"elementor-element elementor-element-adb182f elementor-invisible elementor-widget elementor-widget-image\" data-id=\"adb182f\" data-element_type=\"widget\" data-e-type=\"widget\" data-settings=\"{&quot;_animation&quot;:&quot;fadeInLeft&quot;}\" data-widget_type=\"image.default\">\n\t\t\t\t\t\t\t\t\t\t\t\t\t\t\t<img fetchpriority=\"high\" decoding=\"async\" width=\"676\" height=\"751\" src=\"https:\/\/www.parisride.com\/wp-content\/uploads\/2025\/06\/tower.png\" class=\"attachment-full size-full wp-image-708\" alt=\"\" srcset=\"https:\/\/www.parisride.com\/wp-content\/uploads\/2025\/06\/tower.png 676w, https:\/\/www.parisride.com\/wp-content\/uploads\/2025\/06\/tower-600x667.png 600w, https:\/\/www.parisride.com\/wp-content\/uploads\/2025\/06\/tower-270x300.png 270w\" sizes=\"(max-width: 676px) 100vw, 676px\" \/>\t\t\t\t\t\t\t\t\t\t\t\t\t\t\t<\/div>\n\t\t\t\t<\/div>\n\t\t\t\t\t<\/div>\n\t\t\t\t<\/div>\n\t\t\t\t<\/div>","protected":false},"excerpt":{"rendered":"<p>Welcome Back! Please log in to your account to continue. We\u2019re here to make your experience smooth and secure. If you\u2019ve forgotten your password, you can easily reset it. You are already logged in.<\/p>","protected":false},"author":1,"featured_media":0,"parent":0,"menu_order":0,"comment_status":"closed","ping_status":"closed","template":"page-templates\/parisride-template.php","meta":{"_monsterinsights_skip_tracking":false,"_monsterinsights_sitenote_active":false,"_monsterinsights_sitenote_note":"","_monsterinsights_sitenote_category":0,"footnotes":""},"class_list":["post-4501","page","type-page","status-publish","hentry"],"yoast_head":"<!-- This site is optimized with the Yoast SEO Premium plugin v27.5 (Yoast SEO v27.5) - https:\/\/yoast.com\/product\/yoast-seo-premium-wordpress\/ -->\n<title>Log In - Paris Ride<\/title>\n<meta name=\"description\" content=\"Private chauffeur services in Paris\" \/>\n<meta name=\"robots\" content=\"index, follow, max-snippet:-1, max-image-preview:large, max-video-preview:-1\" \/>\n<link rel=\"canonical\" href=\"https:\/\/www.parisride.com\/pt\/log-in\/\" \/>\n<meta property=\"og:locale\" content=\"pt_PT\" \/>\n<meta property=\"og:type\" content=\"article\" \/>\n<meta property=\"og:title\" content=\"Log In\" \/>\n<meta property=\"og:description\" content=\"Private chauffeur services in Paris\" \/>\n<meta property=\"og:url\" content=\"https:\/\/www.parisride.com\/pt\/log-in\/\" \/>\n<meta property=\"og:site_name\" content=\"Paris Ride\" \/>\n<meta property=\"article:modified_time\" content=\"2025-07-30T11:49:06+00:00\" \/>\n<meta property=\"og:image\" content=\"https:\/\/parisride.com\/wp-content\/uploads\/2025\/06\/tower.png\" \/>\n<meta name=\"twitter:card\" content=\"summary_large_image\" \/>\n<meta name=\"twitter:site\" content=\"@parisride_official\" \/>\n<script type=\"application\/ld+json\" class=\"yoast-schema-graph\">{\"@context\":\"https:\\\/\\\/schema.org\",\"@graph\":[{\"@type\":\"WebPage\",\"@id\":\"https:\\\/\\\/www.parisride.com\\\/log-in\\\/\",\"url\":\"https:\\\/\\\/www.parisride.com\\\/log-in\\\/\",\"name\":\"Log In - Paris Ride\",\"isPartOf\":{\"@id\":\"https:\\\/\\\/www.parisride.com\\\/#website\"},\"primaryImageOfPage\":{\"@id\":\"https:\\\/\\\/www.parisride.com\\\/log-in\\\/#primaryimage\"},\"image\":{\"@id\":\"https:\\\/\\\/www.parisride.com\\\/log-in\\\/#primaryimage\"},\"thumbnailUrl\":\"https:\\\/\\\/parisride.com\\\/wp-content\\\/uploads\\\/2025\\\/06\\\/tower.png\",\"datePublished\":\"2025-07-15T18:58:26+00:00\",\"dateModified\":\"2025-07-30T11:49:06+00:00\",\"description\":\"Private chauffeur services in Paris\",\"breadcrumb\":{\"@id\":\"https:\\\/\\\/www.parisride.com\\\/log-in\\\/#breadcrumb\"},\"inLanguage\":\"pt-PT\",\"potentialAction\":[{\"@type\":\"ReadAction\",\"target\":[\"https:\\\/\\\/www.parisride.com\\\/log-in\\\/\"]}]},{\"@type\":\"ImageObject\",\"inLanguage\":\"pt-PT\",\"@id\":\"https:\\\/\\\/www.parisride.com\\\/log-in\\\/#primaryimage\",\"url\":\"https:\\\/\\\/parisride.com\\\/wp-content\\\/uploads\\\/2025\\\/06\\\/tower.png\",\"contentUrl\":\"https:\\\/\\\/parisride.com\\\/wp-content\\\/uploads\\\/2025\\\/06\\\/tower.png\"},{\"@type\":\"BreadcrumbList\",\"@id\":\"https:\\\/\\\/www.parisride.com\\\/log-in\\\/#breadcrumb\",\"itemListElement\":[{\"@type\":\"ListItem\",\"position\":1,\"name\":\"Home\",\"item\":\"https:\\\/\\\/www.parisride.com\\\/\"},{\"@type\":\"ListItem\",\"position\":2,\"name\":\"Log In\"}]},{\"@type\":\"WebSite\",\"@id\":\"https:\\\/\\\/www.parisride.com\\\/#website\",\"url\":\"https:\\\/\\\/www.parisride.com\\\/\",\"name\":\"Paris Ride\",\"description\":\"Your trusted private chauffeur and shuttle service in Paris\",\"publisher\":{\"@id\":\"https:\\\/\\\/www.parisride.com\\\/#organization\"},\"potentialAction\":[{\"@type\":\"SearchAction\",\"target\":{\"@type\":\"EntryPoint\",\"urlTemplate\":\"https:\\\/\\\/www.parisride.com\\\/?s={search_term_string}\"},\"query-input\":{\"@type\":\"PropertyValueSpecification\",\"valueRequired\":true,\"valueName\":\"search_term_string\"}}],\"inLanguage\":\"pt-PT\"},{\"@type\":\"Organization\",\"@id\":\"https:\\\/\\\/www.parisride.com\\\/#organization\",\"name\":\"Paris Ride\",\"url\":\"https:\\\/\\\/www.parisride.com\\\/\",\"logo\":{\"@type\":\"ImageObject\",\"inLanguage\":\"pt-PT\",\"@id\":\"https:\\\/\\\/www.parisride.com\\\/#\\\/schema\\\/logo\\\/image\\\/\",\"url\":\"https:\\\/\\\/www.parisride.com\\\/wp-content\\\/uploads\\\/2025\\\/08\\\/logo.png\",\"contentUrl\":\"https:\\\/\\\/www.parisride.com\\\/wp-content\\\/uploads\\\/2025\\\/08\\\/logo.png\",\"width\":1920,\"height\":1080,\"caption\":\"Paris Ride\"},\"image\":{\"@id\":\"https:\\\/\\\/www.parisride.com\\\/#\\\/schema\\\/logo\\\/image\\\/\"},\"sameAs\":[\"https:\\\/\\\/x.com\\\/parisride_official\"],\"description\":\"ParisRide.com is a premium private chauffeur and transport service based in Paris, specifically designed for international travelers, business professionals, and families. Here is a breakdown of what they offer: Core Services Airport & Train Station Transfers: Seamless pickups from CDG, Orly, and Beauvais airports, as well as major train stations like Gare du Nord. They offer \\\"Meet & Greet\\\" services where the driver waits with a name sign. Disneyland Paris Transfers: Dedicated shuttles to and from the Disney parks and hotels. Hourly Hire: You can book a chauffeur for a set number of hours (or the whole day) for sightseeing, shopping, or back-to-back business meetings. Long-Distance Travel: Private trips to cities outside of Paris, such as Deauville, Mont-Saint-Michel, or even international destinations like Brussels and Amsterdam. Key Features Professional Fleet: They primarily use high-end Mercedes-Benz vehicles, including the E-Class (Sedan), S-Class (Luxury Sedan), and V-Class (6 to 8-seater vans). Bilingual Drivers: All chauffeurs are professional and speak both English and French, which is a major plus for tourists. Fixed Pricing: They offer transparent, fixed rates so you don\u2019t have to worry about the meter running in Paris traffic. 24\\\/7 Availability: They provide round-the-clock service and often offer customer support via WhatsApp for last-minute changes or emergencies. Why Travelers Use It Unlike standard ride-sharing apps (like Uber), Paris Ride focuses on a VIP experience. It is often used by travel agencies and corporate concierges who require punctuality, clean luxury vehicles, and drivers who can assist with heavy luggage or specific itinerary requests.\",\"email\":\"contact@parisride.com\"}]}<\/script>\n<!-- \/ Yoast SEO Premium plugin. -->","yoast_head_json":{"title":"Log In - Paris Ride","description":"Private chauffeur services in Paris","robots":{"index":"index","follow":"follow","max-snippet":"max-snippet:-1","max-image-preview":"max-image-preview:large","max-video-preview":"max-video-preview:-1"},"canonical":"https:\/\/www.parisride.com\/pt\/log-in\/","og_locale":"pt_PT","og_type":"article","og_title":"Log In","og_description":"Private chauffeur services in Paris","og_url":"https:\/\/www.parisride.com\/pt\/log-in\/","og_site_name":"Paris Ride","article_modified_time":"2025-07-30T11:49:06+00:00","og_image":[{"url":"https:\/\/parisride.com\/wp-content\/uploads\/2025\/06\/tower.png","type":"","width":"","height":""}],"twitter_card":"summary_large_image","twitter_site":"@parisride_official","schema":{"@context":"https:\/\/schema.org","@graph":[{"@type":"WebPage","@id":"https:\/\/www.parisride.com\/log-in\/","url":"https:\/\/www.parisride.com\/log-in\/","name":"Log In - Paris Ride","isPartOf":{"@id":"https:\/\/www.parisride.com\/#website"},"primaryImageOfPage":{"@id":"https:\/\/www.parisride.com\/log-in\/#primaryimage"},"image":{"@id":"https:\/\/www.parisride.com\/log-in\/#primaryimage"},"thumbnailUrl":"https:\/\/parisride.com\/wp-content\/uploads\/2025\/06\/tower.png","datePublished":"2025-07-15T18:58:26+00:00","dateModified":"2025-07-30T11:49:06+00:00","description":"Private chauffeur services in Paris","breadcrumb":{"@id":"https:\/\/www.parisride.com\/log-in\/#breadcrumb"},"inLanguage":"pt-PT","potentialAction":[{"@type":"ReadAction","target":["https:\/\/www.parisride.com\/log-in\/"]}]},{"@type":"ImageObject","inLanguage":"pt-PT","@id":"https:\/\/www.parisride.com\/log-in\/#primaryimage","url":"https:\/\/parisride.com\/wp-content\/uploads\/2025\/06\/tower.png","contentUrl":"https:\/\/parisride.com\/wp-content\/uploads\/2025\/06\/tower.png"},{"@type":"BreadcrumbList","@id":"https:\/\/www.parisride.com\/log-in\/#breadcrumb","itemListElement":[{"@type":"ListItem","position":1,"name":"Home","item":"https:\/\/www.parisride.com\/"},{"@type":"ListItem","position":2,"name":"Log In"}]},{"@type":"WebSite","@id":"https:\/\/www.parisride.com\/#website","url":"https:\/\/www.parisride.com\/","name":"Passeio em Paris","description":"Your trusted private chauffeur and shuttle service in Paris","publisher":{"@id":"https:\/\/www.parisride.com\/#organization"},"potentialAction":[{"@type":"SearchAction","target":{"@type":"EntryPoint","urlTemplate":"https:\/\/www.parisride.com\/?s={search_term_string}"},"query-input":{"@type":"PropertyValueSpecification","valueRequired":true,"valueName":"search_term_string"}}],"inLanguage":"pt-PT"},{"@type":"Organization","@id":"https:\/\/www.parisride.com\/#organization","name":"Passeio em Paris","url":"https:\/\/www.parisride.com\/","logo":{"@type":"ImageObject","inLanguage":"pt-PT","@id":"https:\/\/www.parisride.com\/#\/schema\/logo\/image\/","url":"https:\/\/www.parisride.com\/wp-content\/uploads\/2025\/08\/logo.png","contentUrl":"https:\/\/www.parisride.com\/wp-content\/uploads\/2025\/08\/logo.png","width":1920,"height":1080,"caption":"Paris Ride"},"image":{"@id":"https:\/\/www.parisride.com\/#\/schema\/logo\/image\/"},"sameAs":["https:\/\/x.com\/parisride_official"],"description":"ParisRide.com is a premium private chauffeur and transport service based in Paris, specifically designed for international travelers, business professionals, and families. Here is a breakdown of what they offer: Core Services Airport & Train Station Transfers: Seamless pickups from CDG, Orly, and Beauvais airports, as well as major train stations like Gare du Nord. They offer \"Meet & Greet\" services where the driver waits with a name sign. Disneyland Paris Transfers: Dedicated shuttles to and from the Disney parks and hotels. Hourly Hire: You can book a chauffeur for a set number of hours (or the whole day) for sightseeing, shopping, or back-to-back business meetings. Long-Distance Travel: Private trips to cities outside of Paris, such as Deauville, Mont-Saint-Michel, or even international destinations like Brussels and Amsterdam. Key Features Professional Fleet: They primarily use high-end Mercedes-Benz vehicles, including the E-Class (Sedan), S-Class (Luxury Sedan), and V-Class (6 to 8-seater vans). Bilingual Drivers: All chauffeurs are professional and speak both English and French, which is a major plus for tourists. Fixed Pricing: They offer transparent, fixed rates so you don\u2019t have to worry about the meter running in Paris traffic. 24\/7 Availability: They provide round-the-clock service and often offer customer support via WhatsApp for last-minute changes or emergencies. Why Travelers Use It Unlike standard ride-sharing apps (like Uber), Paris Ride focuses on a VIP experience. It is often used by travel agencies and corporate concierges who require punctuality, clean luxury vehicles, and drivers who can assist with heavy luggage or specific itinerary requests.","email":"contact@parisride.com"}]}},"_links":{"self":[{"href":"https:\/\/www.parisride.com\/pt\/wp-json\/wp\/v2\/pages\/4501","targetHints":{"allow":["GET"]}}],"collection":[{"href":"https:\/\/www.parisride.com\/pt\/wp-json\/wp\/v2\/pages"}],"about":[{"href":"https:\/\/www.parisride.com\/pt\/wp-json\/wp\/v2\/types\/page"}],"author":[{"embeddable":true,"href":"https:\/\/www.parisride.com\/pt\/wp-json\/wp\/v2\/users\/1"}],"replies":[{"embeddable":true,"href":"https:\/\/www.parisride.com\/pt\/wp-json\/wp\/v2\/comments?post=4501"}],"version-history":[{"count":4,"href":"https:\/\/www.parisride.com\/pt\/wp-json\/wp\/v2\/pages\/4501\/revisions"}],"predecessor-version":[{"id":5520,"href":"https:\/\/www.parisride.com\/pt\/wp-json\/wp\/v2\/pages\/4501\/revisions\/5520"}],"wp:attachment":[{"href":"https:\/\/www.parisride.com\/pt\/wp-json\/wp\/v2\/media?parent=4501"}],"curies":[{"name":"wp","href":"https:\/\/api.w.org\/{rel}","templated":true}]}}